{"id":1544,"date":"2021-05-19T04:28:36","date_gmt":"2021-05-19T04:28:36","guid":{"rendered":"https:\/\/klbtheme.com\/bacola\/?page_id=1544"},"modified":"2025-03-25T18:23:42","modified_gmt":"2025-03-25T21:23:42","slug":"quem-somos","status":"publish","type":"page","link":"https:\/\/temastotal.com.br\/wordpress\/catalogosdigitais\/CAT253\/index.php\/quem-somos\/","title":{"rendered":"Quem Somos"},"content":{"rendered":"\t\t<div data-elementor-type=\"wp-page\" data-elementor-id=\"1544\" class=\"elementor elementor-1544\" data-elementor-post-type=\"page\">\n\t\t\t\t\t\t<section class=\"elementor-section elementor-top-section elementor-element elementor-element-be51b6a elementor-section-boxed elementor-section-height-default elementor-section-height-default\" data-id=\"be51b6a\" data-element_type=\"section\" data-e-type=\"section\">\n\t\t\t\t\t\t<div class=\"elementor-container elementor-column-gap-extended\">\n\t\t\t\t\t<div class=\"elementor-column elementor-col-100 elementor-top-column elementor-element elementor-element-5a15344\" data-id=\"5a15344\" data-element_type=\"column\" data-e-type=\"column\">\n\t\t\t<div class=\"elementor-widget-wrap\">\n\t\t\t\t\t\t\t<\/div>\n\t\t<\/div>\n\t\t\t\t\t<\/div>\n\t\t<\/section>\n\t\t\t\t<section class=\"elementor-section elementor-top-section elementor-element elementor-element-3551755 elementor-section-boxed elementor-section-height-default elementor-section-height-default\" data-id=\"3551755\" data-element_type=\"section\" data-e-type=\"section\">\n\t\t\t\t\t\t<div class=\"elementor-container elementor-column-gap-extended\">\n\t\t\t\t\t<div class=\"elementor-column elementor-col-100 elementor-top-column elementor-element elementor-element-6f96f87\" data-id=\"6f96f87\" data-element_type=\"column\" data-e-type=\"column\">\n\t\t\t<div class=\"elementor-widget-wrap elementor-element-populated\">\n\t\t\t\t\t\t<section class=\"elementor-section elementor-inner-section elementor-element elementor-element-d2a69d1 elementor-section-boxed elementor-section-height-default elementor-section-height-default\" data-id=\"d2a69d1\" data-element_type=\"section\" data-e-type=\"section\">\n\t\t\t\t\t\t<div class=\"elementor-container elementor-column-gap-no\">\n\t\t\t\t\t<div class=\"elementor-column elementor-col-100 elementor-inner-column elementor-element elementor-element-3da8ad0\" data-id=\"3da8ad0\" data-element_type=\"column\" data-e-type=\"column\">\n\t\t\t<div class=\"elementor-widget-wrap elementor-element-populated\">\n\t\t\t\t\t\t<div class=\"elementor-element elementor-element-bf5a32e elementor-widget elementor-widget-heading\" data-id=\"bf5a32e\" data-element_type=\"widget\" data-e-type=\"widget\" data-widget_type=\"heading.default\">\n\t\t\t\t<div class=\"elementor-widget-container\">\n\t\t\t\t\t<h2 class=\"elementor-heading-title elementor-size-default\">Saiba um pouco sobre n\u00f3s<\/h2>\t\t\t\t<\/div>\n\t\t\t\t<\/div>\n\t\t\t\t\t<\/div>\n\t\t<\/div>\n\t\t\t\t\t<\/div>\n\t\t<\/section>\n\t\t\t\t<section class=\"elementor-section elementor-inner-section elementor-element elementor-element-dae2cc1 elementor-section-boxed elementor-section-height-default elementor-section-height-default\" data-id=\"dae2cc1\" data-element_type=\"section\" data-e-type=\"section\">\n\t\t\t\t\t\t<div class=\"elementor-container elementor-column-gap-no\">\n\t\t\t\t\t<div class=\"elementor-column elementor-col-100 elementor-inner-column elementor-element elementor-element-769fd1d\" data-id=\"769fd1d\" data-element_type=\"column\" data-e-type=\"column\">\n\t\t\t<div class=\"elementor-widget-wrap elementor-element-populated\">\n\t\t\t\t\t\t<div class=\"elementor-element elementor-element-563075f elementor-widget elementor-widget-heading\" data-id=\"563075f\" data-element_type=\"widget\" data-e-type=\"widget\" data-widget_type=\"heading.default\">\n\t\t\t\t<div class=\"elementor-widget-container\">\n\t\t\t\t\t<p class=\"elementor-heading-title elementor-size-default\">Bem-vindo \u00e0 nossa loja virtual! Somos uma equipe apaixonada por oferecer produtos de qualidade, pensados especialmente para voc\u00ea. Nosso objetivo \u00e9 proporcionar uma experi\u00eancia de compra \u00fanica, com um atendimento personalizado e op\u00e7\u00f5es que atendem \u00e0s suas necessidades e desejos.\n\nCom um cat\u00e1logo cuidadosamente selecionado, trabalhamos para garantir que cada item oferecido tenha o melhor custo-benef\u00edcio, sem abrir m\u00e3o da excel\u00eancia. Acreditamos em relacionamentos duradouros com nossos clientes, e por isso, prezamos pela transpar\u00eancia, confian\u00e7a e praticidade em cada transa\u00e7\u00e3o.\n\nEstamos sempre em busca de novas tend\u00eancias e de inovar para que voc\u00ea tenha as melhores op\u00e7\u00f5es do mercado. Nossa miss\u00e3o \u00e9 entregar n\u00e3o apenas produtos, mas tamb\u00e9m satisfa\u00e7\u00e3o, confian\u00e7a e a certeza <\/p>\t\t\t\t<\/div>\n\t\t\t\t<\/div>\n\t\t\t\t\t<\/div>\n\t\t<\/div>\n\t\t\t\t\t<\/div>\n\t\t<\/section>\n\t\t\t\t\t<\/div>\n\t\t<\/div>\n\t\t\t\t\t<\/div>\n\t\t<\/section>\n\t\t\t\t<section class=\"elementor-section elementor-top-section elementor-element elementor-element-f600bf8 elementor-section-boxed elementor-section-height-default elementor-section-height-default\" data-id=\"f600bf8\" data-element_type=\"section\" data-e-type=\"section\">\n\t\t\t\t\t\t<div class=\"elementor-container elementor-column-gap-no\">\n\t\t\t\t\t<div class=\"elementor-column elementor-col-100 elementor-top-column elementor-element elementor-element-e769e7d\" data-id=\"e769e7d\" data-element_type=\"column\" data-e-type=\"column\">\n\t\t\t<div class=\"elementor-widget-wrap elementor-element-populated\">\n\t\t\t\t\t\t<section class=\"elementor-section elementor-inner-section elementor-element elementor-element-faa9e1d elementor-section-content-middle elementor-section-boxed elementor-section-height-default elementor-section-height-default\" data-id=\"faa9e1d\" data-element_type=\"section\" data-e-type=\"section\">\n\t\t\t\t\t\t<div class=\"elementor-container elementor-column-gap-extended\">\n\t\t\t\t\t<div class=\"elementor-column elementor-col-50 elementor-inner-column elementor-element elementor-element-915cf91\" data-id=\"915cf91\" data-element_type=\"column\" data-e-type=\"column\">\n\t\t\t<div class=\"elementor-widget-wrap elementor-element-populated\">\n\t\t\t\t\t\t<div class=\"elementor-element elementor-element-393e4f6 elementor-widget elementor-widget-image\" data-id=\"393e4f6\" data-element_type=\"widget\" data-e-type=\"widget\" data-widget_type=\"image.default\">\n\t\t\t\t<div class=\"elementor-widget-container\">\n\t\t\t\t\t\t\t\t\t\t\t\t\t\t\t<img fetchpriority=\"high\" decoding=\"async\" width=\"600\" height=\"900\" src=\"https:\/\/temastotal.com.br\/wordpress\/catalogosdigitais\/CAT253\/wp-content\/uploads\/2021\/05\/about-people.jpg\" class=\"attachment-large size-large wp-image-1589\" alt=\"\" srcset=\"https:\/\/temastotal.com.br\/wordpress\/catalogosdigitais\/CAT253\/wp-content\/uploads\/2021\/05\/about-people.jpg 600w, https:\/\/temastotal.com.br\/wordpress\/catalogosdigitais\/CAT253\/wp-content\/uploads\/2021\/05\/about-people-36x54.jpg 36w, https:\/\/temastotal.com.br\/wordpress\/catalogosdigitais\/CAT253\/wp-content\/uploads\/2021\/05\/about-people-200x300.jpg 200w\" sizes=\"(max-width: 600px) 100vw, 600px\" \/>\t\t\t\t\t\t\t\t\t\t\t\t\t\t\t<\/div>\n\t\t\t\t<\/div>\n\t\t\t\t\t<\/div>\n\t\t<\/div>\n\t\t\t\t<div class=\"elementor-column elementor-col-50 elementor-inner-column elementor-element elementor-element-1fe836e\" data-id=\"1fe836e\" data-element_type=\"column\" data-e-type=\"column\">\n\t\t\t<div class=\"elementor-widget-wrap elementor-element-populated\">\n\t\t\t\t\t\t<div class=\"elementor-element elementor-element-13850b5 elementor-widget elementor-widget-heading\" data-id=\"13850b5\" data-element_type=\"widget\" data-e-type=\"widget\" data-widget_type=\"heading.default\">\n\t\t\t\t<div class=\"elementor-widget-container\">\n\t\t\t\t\t<span class=\"elementor-heading-title elementor-size-default\">Paulo Rangel - S\u00f3cio Propriet\u00e1rio<\/span>\t\t\t\t<\/div>\n\t\t\t\t<\/div>\n\t\t\t\t<div class=\"elementor-element elementor-element-9ecc34f elementor-widget elementor-widget-heading\" data-id=\"9ecc34f\" data-element_type=\"widget\" data-e-type=\"widget\" data-widget_type=\"heading.default\">\n\t\t\t\t<div class=\"elementor-widget-container\">\n\t\t\t\t\t<h3 class=\"elementor-heading-title elementor-size-default\">Que satisfa\u00e7\u00e3o ter voc\u00ea aqui!<\/h3>\t\t\t\t<\/div>\n\t\t\t\t<\/div>\n\t\t\t\t<div class=\"elementor-element elementor-element-037413a elementor-widget elementor-widget-heading\" data-id=\"037413a\" data-element_type=\"widget\" data-e-type=\"widget\" data-widget_type=\"heading.default\">\n\t\t\t\t<div class=\"elementor-widget-container\">\n\t\t\t\t\t<p class=\"elementor-heading-title elementor-size-default\">Bem-vindo \u00e0 nossa loja virtual, um espa\u00e7o pensado para oferecer a voc\u00ea uma experi\u00eancia de compra incr\u00edvel e \u00fanica! Somos uma empresa comprometida com a qualidade, a excel\u00eancia no atendimento e, acima de tudo, com a sua satisfa\u00e7\u00e3o. Nossa miss\u00e3o \u00e9 proporcionar a voc\u00ea acesso a produtos de alta qualidade, com um atendimento personalizado e facilitado, para que cada compra seja uma experi\u00eancia prazerosa e sem preocupa\u00e7\u00f5es.\n\nAcreditamos que a confian\u00e7a \u00e9 a base de qualquer relacionamento duradouro, e por isso buscamos sempre estar pr\u00f3ximos de nossos clientes, entendendo suas necessidades e superando suas expectativas. Cada produto dispon\u00edvel em nosso site \u00e9 escolhido com cuidado e aten\u00e7\u00e3o, visando atender a diversos estilos, gostos e or\u00e7amentos, sem abrir m\u00e3o da qualidade.\n\nAl\u00e9m disso, estamos sempre atentos \u00e0s novas tend\u00eancias do mercado e buscamos trazer novidades que acompanham o que h\u00e1 de melhor para voc\u00ea. Nosso compromisso \u00e9 oferecer um portf\u00f3lio completo e de qualidade, com pre\u00e7os justos e condi\u00e7\u00f5es especiais para tornar sua experi\u00eancia ainda mais vantajosa.\n\nA cada compra, queremos que voc\u00ea se sinta seguro e satisfeito com sua escolha. Estamos aqui para te ajudar em todas as etapas da sua jornada de compra, desde a escolha do produto at\u00e9 a entrega no seu endere\u00e7o.\n\nNosso time est\u00e1 sempre pronto para tirar suas d\u00favidas, oferecer sugest\u00f5es e tornar sua experi\u00eancia ainda mais f\u00e1cil. Agradecemos sua confian\u00e7a e, acima de tudo, sua prefer\u00eancia. Estamos felizes em t\u00ea-lo conosco!\n\nNosso compromisso \u00e9 com voc\u00ea: qualidade, praticidade e um atendimento impec\u00e1vel, sempre.<\/p>\t\t\t\t<\/div>\n\t\t\t\t<\/div>\n\t\t\t\t\t<\/div>\n\t\t<\/div>\n\t\t\t\t\t<\/div>\n\t\t<\/section>\n\t\t\t\t<section class=\"elementor-section elementor-inner-section elementor-element elementor-element-ae4c3f3 elementor-section-content-middle elementor-section-boxed elementor-section-height-default elementor-section-height-default\" data-id=\"ae4c3f3\" data-element_type=\"section\" data-e-type=\"section\" data-settings=\"{&quot;background_background&quot;:&quot;classic&quot;}\">\n\t\t\t\t\t\t<div class=\"elementor-container elementor-column-gap-extended\">\n\t\t\t\t\t<div class=\"elementor-column elementor-col-100 elementor-inner-column elementor-element elementor-element-c55e507\" data-id=\"c55e507\" data-element_type=\"column\" data-e-type=\"column\" data-settings=\"{&quot;background_background&quot;:&quot;classic&quot;}\">\n\t\t\t<div class=\"elementor-widget-wrap elementor-element-populated\">\n\t\t\t\t\t\t<div class=\"elementor-element elementor-element-56f89a9 elementor-widget elementor-widget-heading\" data-id=\"56f89a9\" data-element_type=\"widget\" data-e-type=\"widget\" data-widget_type=\"heading.default\">\n\t\t\t\t<div class=\"elementor-widget-container\">\n\t\t\t\t\t<p class=\"elementor-heading-title elementor-size-default\">Agradecemos imensamente a sua visita e confian\u00e7a. Estamos aqui para tornar sua experi\u00eancia de compra mais pr\u00e1tica, segura e encantadora. Se voc\u00ea precisar de algo, nossa equipe estar\u00e1 sempre pronta para te atender com o maior carinho e dedica\u00e7\u00e3o.\n\nJuntos, queremos fazer de cada compra uma experi\u00eancia inesquec\u00edvel!\n\n<\/p>\t\t\t\t<\/div>\n\t\t\t\t<\/div>\n\t\t\t\t\t<\/div>\n\t\t<\/div>\n\t\t\t\t\t<\/div>\n\t\t<\/section>\n\t\t\t\t\t<\/div>\n\t\t<\/div>\n\t\t\t\t\t<\/div>\n\t\t<\/section>\n\t\t\t\t<section class=\"elementor-section elementor-top-section elementor-element elementor-element-c3a3091 elementor-section-boxed elementor-section-height-default elementor-section-height-default\" data-id=\"c3a3091\" data-element_type=\"section\" data-e-type=\"section\">\n\t\t\t\t\t\t<div class=\"elementor-container elementor-column-gap-extended\">\n\t\t\t\t\t<div class=\"elementor-column elementor-col-100 elementor-top-column elementor-element elementor-element-7ae1ceb\" data-id=\"7ae1ceb\" data-element_type=\"column\" data-e-type=\"column\">\n\t\t\t<div class=\"elementor-widget-wrap\">\n\t\t\t\t\t\t\t<\/div>\n\t\t<\/div>\n\t\t\t\t\t<\/div>\n\t\t<\/section>\n\t\t\t\t<\/div>\n\t\t","protected":false},"excerpt":{"rendered":"<p>Saiba um pouco sobre n\u00f3s Bem-vindo \u00e0 nossa loja virtual! Somos uma equipe apaixonada por oferecer produtos de qualidade, pensados especialmente para voc\u00ea. Nosso objetivo \u00e9 proporcionar uma experi\u00eancia de compra \u00fanica, com um atendimento personalizado e op\u00e7\u00f5es que atendem \u00e0s suas necessidades e desejos. Com um cat\u00e1logo cuidadosamente selecionado, trabalhamos para garantir que cada<\/p>\n<div class=\"klb-readmore entry-button\"><a class=\"button\" href=\"https:\/\/temastotal.com.br\/wordpress\/catalogosdigitais\/CAT253\/index.php\/quem-somos\/\">Ler mais<\/a><\/div>\n","protected":false},"author":1,"featured_media":0,"parent":0,"menu_order":0,"comment_status":"closed","ping_status":"closed","template":"","meta":{"footnotes":""},"class_list":["post-1544","page","type-page","status-publish","hentry"],"_links":{"self":[{"href":"https:\/\/temastotal.com.br\/wordpress\/catalogosdigitais\/CAT253\/index.php\/wp-json\/wp\/v2\/pages\/1544","targetHints":{"allow":["GET"]}}],"collection":[{"href":"https:\/\/temastotal.com.br\/wordpress\/catalogosdigitais\/CAT253\/index.php\/wp-json\/wp\/v2\/pages"}],"about":[{"href":"https:\/\/temastotal.com.br\/wordpress\/catalogosdigitais\/CAT253\/index.php\/wp-json\/wp\/v2\/types\/page"}],"author":[{"embeddable":true,"href":"https:\/\/temastotal.com.br\/wordpress\/catalogosdigitais\/CAT253\/index.php\/wp-json\/wp\/v2\/users\/1"}],"replies":[{"embeddable":true,"href":"https:\/\/temastotal.com.br\/wordpress\/catalogosdigitais\/CAT253\/index.php\/wp-json\/wp\/v2\/comments?post=1544"}],"version-history":[{"count":0,"href":"https:\/\/temastotal.com.br\/wordpress\/catalogosdigitais\/CAT253\/index.php\/wp-json\/wp\/v2\/pages\/1544\/revisions"}],"wp:attachment":[{"href":"https:\/\/temastotal.com.br\/wordpress\/catalogosdigitais\/CAT253\/index.php\/wp-json\/wp\/v2\/media?parent=1544"}],"curies":[{"name":"wp","href":"https:\/\/api.w.org\/{rel}","templated":true}]}}