{"id":11,"date":"2025-04-11T17:57:47","date_gmt":"2025-04-11T20:57:47","guid":{"rendered":"https:\/\/temastotal.com.br\/wordpress\/webtv\/BTV851\/?page_id=11"},"modified":"2025-04-14T22:06:26","modified_gmt":"2025-04-15T01:06:26","slug":"home","status":"publish","type":"page","link":"https:\/\/temastotal.com.br\/wordpress\/webtv\/BTV851\/","title":{"rendered":"Home"},"content":{"rendered":"\t\t<div data-elementor-type=\"wp-page\" data-elementor-id=\"11\" class=\"elementor elementor-11\" data-elementor-post-type=\"page\">\n\t\t\t\t<div class=\"elementor-element elementor-element-7d796f1 e-flex e-con-boxed e-con e-parent\" data-id=\"7d796f1\" data-element_type=\"container\">\n\t\t\t\t\t<div class=\"e-con-inner\">\n\t\t<div class=\"elementor-element elementor-element-84c5eaa e-con-full e-flex e-con e-child\" data-id=\"84c5eaa\" data-element_type=\"container\">\n\t\t\t\t<\/div>\n\t\t<div class=\"elementor-element elementor-element-7755d02 e-con-full e-flex e-con e-child\" data-id=\"7755d02\" data-element_type=\"container\">\n\t\t\t\t<div class=\"elementor-element elementor-element-278dc57 elementor-widget elementor-widget-image\" data-id=\"278dc57\" data-element_type=\"widget\" data-widget_type=\"image.default\">\n\t\t\t\t<div class=\"elementor-widget-container\">\n\t\t\t\t\t\t\t\t\t\t\t\t\t\t\t<img decoding=\"async\" width=\"300\" height=\"100\" src=\"https:\/\/temastotal.com.br\/wordpress\/webtv\/BTV851\/wp-content\/uploads\/2025\/04\/WEBTV-SERTANEJA.png\" class=\"attachment-large size-large wp-image-195\" alt=\"\" \/>\t\t\t\t\t\t\t\t\t\t\t\t\t\t\t<\/div>\n\t\t\t\t<\/div>\n\t\t\t\t<\/div>\n\t\t<div class=\"elementor-element elementor-element-a3c317c e-con-full e-flex e-con e-child\" data-id=\"a3c317c\" data-element_type=\"container\">\n\t\t\t\t<\/div>\n\t\t\t\t\t<\/div>\n\t\t\t\t<\/div>\n\t\t<div class=\"elementor-element elementor-element-bdb5c72 e-flex e-con-boxed e-con e-parent\" data-id=\"bdb5c72\" data-element_type=\"container\">\n\t\t\t\t\t<div class=\"e-con-inner\">\n\t\t\t\t<div class=\"elementor-element elementor-element-659b920 elementor-widget elementor-widget-ucaddon_marquee\" data-id=\"659b920\" data-element_type=\"widget\" data-widget_type=\"ucaddon_marquee.default\">\n\t\t\t\t<div class=\"elementor-widget-container\">\n\t\t\t\t\t\n<!-- start Text Marquee Effect -->\n<style>\/* widget: Text Marquee Effect *\/\n\n#uc_marquee_elementor_659b920{\n    box-sizing: border-box;\n    white-space: nowrap;\n    overflow: hidden;\n    box-sizing: border-box;\n    margin:0 auto;\n    display: flex;\n}\n\n#uc_marquee_elementor_659b920 .marquee_text {\n        align-items: center;\n    justify-content: center;\n    transition: all 0.2s ease;\n    white-space: nowrap;\n}\n\n#uc_marquee_elementor_659b920 a{\n  text-decoration:none;\n}\n\n#uc_marquee_elementor_659b920 .marquee_text-container {\n  \n  animation-timing-function: linear;\n  animation-iteration-count: infinite;\n  \n    \n  \tdisplay: inline-block;\n    padding-left: 100%;\n  \n    \/*right to left*\/\n  \t   \t\t\n  \t\tanimation-name: marquee;\n  \t  \n    \/*left to right*\/\n  \t  \n    \n  \/* infinite effect *\/\n    \/* end infinite effect *\/\n  \n  animation-delay: 250ms;\n  \n}\n\n\n\/*right to left*\/\n@keyframes marquee_infinite { \n    0% { transform: translateX(0); }\n    100% { transform: translateX(-50%); }\n}\n\n\/*left to right*\/\n@keyframes marquee_flip_infinite {\n    0% { transform: translateX(-50%); }\n    100% { transform: translateX(0); }    \n}\n\n\/*right to left*\/\n@keyframes marquee {  \n    0% { transform: translateX(0); }\n    100% { transform: translateX(-100%); }\n}\n\n\/*left to right*\/\n@keyframes marquee_flip { \n    0% { transform: translateX(-100%); }\n    100% { transform: translateX(0); }    \n}\n\n<\/style>\n\n<div class=\"ue_marquee\" id=\"uc_marquee_elementor_659b920\">\n   <div class=\"marquee_text-container \"> \n    <div class=\"marquee_text\">\n      \t\n        <span>A melhor programa\u00e7\u00e3o ao vivo voc\u00ea encontra aqui em sua Web TV ao vivo! - 24 horas de muita emo\u00e7\u00e3o para voc\u00ea !&nbsp;<\/span>\n      \t\n    <\/div>\n  <\/div>\n<\/div>\n<!-- end Text Marquee Effect -->\t\t\t\t<\/div>\n\t\t\t\t<\/div>\n\t\t\t\t\t<\/div>\n\t\t\t\t<\/div>\n\t\t<div class=\"elementor-element elementor-element-f73d53d e-flex e-con-boxed e-con e-parent\" data-id=\"f73d53d\" data-element_type=\"container\">\n\t\t\t\t\t<div class=\"e-con-inner\">\n\t\t<div class=\"elementor-element elementor-element-135d15d e-con-full e-flex e-con e-child\" data-id=\"135d15d\" data-element_type=\"container\">\n\t\t<div class=\"elementor-element elementor-element-f15d33c e-con-full e-flex e-con e-child\" data-id=\"f15d33c\" data-element_type=\"container\">\n\t\t\t\t<div class=\"elementor-element elementor-element-7073799 elementor-widget elementor-widget-ucaddon_3d_text\" data-id=\"7073799\" data-element_type=\"widget\" data-widget_type=\"ucaddon_3d_text.default\">\n\t\t\t\t<div class=\"elementor-widget-container\">\n\t\t\t\t\t\n<!-- start 3D Text -->\n<style>\/* widget: 3D Text *\/\n\n#uc_3d_text_elementor_7073799 .threed_text {\n  display: block;\n  \t\n\n  \t\n\n  \n    \n  \n    \n    \n    text-shadow: 3px -6px 0px #3F3E3E, 2px -4px 0px #3F3E3E, 1px -2px 0px #3F3E3E, 0px 0px 0px #3F3E3E, -1px 2px #767676, -2px 4px #767676, -3px 6px #767676, -4px 8px #767676, -5px 10px #767676, -6px 12px 1px #767676, -7px 14px 1px #767676, -8px 16px 1px #767676, -9px 18px 1px #767676, -10px 20px 1px #767676, -11px 22px 1px #767676, -12px 24px 1px #767676, -13px 26px 1px #767676, -14px 28px 1px #767676, -15px 30px 1px #767676, -16px 32px 1px #767676, -17px 34px 1px #767676, -18px 36px 1px #767676, -19px 38px 1px #767676, -20px 40px 1px #767676;\n  \n  \n  \n}\n\n\n.threed_text\n{\n  font-size:52px;\n}\n\n<\/style>\n\n<div id=\"uc_3d_text_elementor_7073799\" class=\"threed_text_wrapper\">\n  <div class=\"threed_text\">\n    * WEB TV AO VIVO *\n  <\/div>\n<\/div>\n<!-- end 3D Text -->\t\t\t\t<\/div>\n\t\t\t\t<\/div>\n\t\t\t\t<\/div>\n\t\t\t\t<div class=\"elementor-element elementor-element-2078b0c elementor-widget elementor-widget-html\" data-id=\"2078b0c\" data-element_type=\"widget\" data-widget_type=\"html.default\">\n\t\t\t\t<div class=\"elementor-widget-container\">\n\t\t\t\t\t<iframe width=\"680\" height=\"400\" src=\"https:\/\/www.youtube.com\/embed\/rpkI5KTg3Ss\" title=\"Filme De A\u00e7\u00e3o 2025 | Vin Diesel | Filme Completo Dublado MELHOR FILME DE A\u00c7\u00c3O 2025\" frameborder=\"0\" allow=\"accelerometer; autoplay; clipboard-write; encrypted-media; gyroscope; picture-in-picture; web-share\" referrerpolicy=\"strict-origin-when-cross-origin\" allowfullscreen><\/iframe>\t\t\t\t<\/div>\n\t\t\t\t<\/div>\n\t\t<div class=\"elementor-element elementor-element-bdd8e50 e-con-full e-flex e-con e-child\" data-id=\"bdd8e50\" data-element_type=\"container\">\n\t\t\t\t<div class=\"elementor-element elementor-element-291bca0 elementor-widget elementor-widget-shortcode\" data-id=\"291bca0\" data-element_type=\"widget\" data-widget_type=\"shortcode.default\">\n\t\t\t\t<div class=\"elementor-widget-container\">\n\t\t\t\t\t\t\t<div class=\"elementor-shortcode\"><div class=\"angwp_154 _ning_outer ang_zone_154 _ning_jss_zone has_label _align_center\" style=\"max-width:728px;width:100%;overflow:hidden;height:inherit;\"><div class=\"_ning_label _center\" style=\"\">Anunciantes em Destaque<\/div><div id=\"_ning_zone_154_1388530829\" class=\"_ning_zone_inner\" style=\"width:728px; height:90px;position:relative;\"><div u=\"slides\" style=\"position:absolute; overflow:hidden; left:0px; top:0px;width:728px; height:90px;\"><div class=\"slide_1 slide\" idle=\"5000\"><div class=\"angwp_151 _ning_cont _ning_hidden _align_center\" data-size=\"728x90\" data-bid=\"151\" data-aid=\"154\" style=\"max-width:728px; width:100%;height:inherit;\"><div class=\"_ning_inner\" style=\"\"><div class=\"_ning_elmt\"><img decoding=\"async\" src=\"https:\/\/temastotal.com.br\/wordpress\/webtv\/BTV851\/wp-content\/uploads\/2025\/04\/728-apareca.png\" \/><\/div><\/div><\/div><div class=\"clear\"><\/div><\/div><div class=\"slide_2 slide\" idle=\"5000\"><div class=\"angwp_161 _ning_cont _ning_hidden _align_center\" data-size=\"728x90\" data-bid=\"161\" data-aid=\"154\" style=\"max-width:728px; width:100%;height:inherit;\"><div class=\"_ning_inner\" style=\"\"><div class=\"_ning_elmt\"><img decoding=\"async\" src=\"https:\/\/temastotal.com.br\/wordpress\/webtv\/BTV851\/wp-content\/uploads\/2025\/04\/01-banner.png\" \/><\/div><\/div><\/div><div class=\"clear\"><\/div><\/div><div class=\"slide_3 slide\" idle=\"5000\"><div class=\"angwp_163 _ning_cont _ning_hidden _align_center\" data-size=\"728x90\" data-bid=\"163\" data-aid=\"154\" style=\"max-width:728px; width:100%;height:inherit;\"><div class=\"_ning_inner\" style=\"\"><div class=\"_ning_elmt\"><img decoding=\"async\" src=\"https:\/\/temastotal.com.br\/wordpress\/webtv\/BTV851\/wp-content\/uploads\/2025\/04\/02-banner.png\" \/><\/div><\/div><\/div><div class=\"clear\"><\/div><\/div><div class=\"slide_4 slide\" idle=\"5000\"><div class=\"angwp_165 _ning_cont _ning_hidden _align_center\" data-size=\"728x90\" data-bid=\"165\" data-aid=\"154\" style=\"max-width:728px; width:100%;height:inherit;\"><div class=\"_ning_inner\" style=\"\"><div class=\"_ning_elmt\"><img decoding=\"async\" src=\"https:\/\/temastotal.com.br\/wordpress\/webtv\/BTV851\/wp-content\/uploads\/2025\/04\/03-banner.png\" \/><\/div><\/div><\/div><div class=\"clear\"><\/div><\/div><\/div><\/div><\/div><div class=\"clear\"><\/div><\/div>\n\t\t\t\t\t\t<\/div>\n\t\t\t\t<\/div>\n\t\t\t\t<\/div>\n\t\t\t\t<\/div>\n\t\t<div class=\"elementor-element elementor-element-fab54a1 e-con-full e-flex e-con e-child\" data-id=\"fab54a1\" data-element_type=\"container\">\n\t\t<div class=\"elementor-element elementor-element-4e6f86c e-con-full e-flex e-con e-child\" data-id=\"4e6f86c\" data-element_type=\"container\">\n\t\t\t\t<div class=\"elementor-element elementor-element-985b231 elementor-widget elementor-widget-image\" data-id=\"985b231\" data-element_type=\"widget\" data-widget_type=\"image.default\">\n\t\t\t\t<div class=\"elementor-widget-container\">\n\t\t\t\t\t\t\t\t\t\t\t\t\t\t\t<img fetchpriority=\"high\" decoding=\"async\" width=\"800\" height=\"200\" src=\"https:\/\/temastotal.com.br\/wordpress\/webtv\/BTV851\/wp-content\/uploads\/2025\/04\/ao-vivo-gif-10.gif\" class=\"attachment-large size-large wp-image-266\" alt=\"\" \/>\t\t\t\t\t\t\t\t\t\t\t\t\t\t\t<\/div>\n\t\t\t\t<\/div>\n\t\t\t\t<div class=\"elementor-element elementor-element-7224ca5 elementor-widget elementor-widget-heading\" data-id=\"7224ca5\" data-element_type=\"widget\" data-widget_type=\"heading.default\">\n\t\t\t\t<div class=\"elementor-widget-container\">\n\t\t\t\t\t<h2 class=\"elementor-heading-title elementor-size-default\">REDES SOCIAIS<\/h2>\t\t\t\t<\/div>\n\t\t\t\t<\/div>\n\t\t\t\t<\/div>\n\t\t\t\t<div class=\"elementor-element elementor-element-06099be elementor-shape-rounded elementor-grid-0 e-grid-align-center elementor-widget elementor-widget-social-icons\" data-id=\"06099be\" data-element_type=\"widget\" data-widget_type=\"social-icons.default\">\n\t\t\t\t<div class=\"elementor-widget-container\">\n\t\t\t\t\t\t\t<div class=\"elementor-social-icons-wrapper elementor-grid\">\n\t\t\t\t\t\t\t<span class=\"elementor-grid-item\">\n\t\t\t\t\t<a class=\"elementor-icon elementor-social-icon elementor-social-icon-facebook elementor-repeater-item-003ece6\" target=\"_blank\">\n\t\t\t\t\t\t<span class=\"elementor-screen-only\">Facebook<\/span>\n\t\t\t\t\t\t<svg class=\"e-font-icon-svg e-fab-facebook\" viewBox=\"0 0 512 512\" xmlns=\"http:\/\/www.w3.org\/2000\/svg\"><path d=\"M504 256C504 119 393 8 256 8S8 119 8 256c0 123.78 90.69 226.38 209.25 245V327.69h-63V256h63v-54.64c0-62.15 37-96.48 93.67-96.48 27.14 0 55.52 4.84 55.52 4.84v61h-31.28c-30.8 0-40.41 19.12-40.41 38.73V256h68.78l-11 71.69h-57.78V501C413.31 482.38 504 379.78 504 256z\"><\/path><\/svg>\t\t\t\t\t<\/a>\n\t\t\t\t<\/span>\n\t\t\t\t\t\t\t<span class=\"elementor-grid-item\">\n\t\t\t\t\t<a class=\"elementor-icon elementor-social-icon elementor-social-icon-x-twitter elementor-repeater-item-0040781\" target=\"_blank\">\n\t\t\t\t\t\t<span class=\"elementor-screen-only\">X-twitter<\/span>\n\t\t\t\t\t\t<svg class=\"e-font-icon-svg e-fab-x-twitter\" viewBox=\"0 0 512 512\" xmlns=\"http:\/\/www.w3.org\/2000\/svg\"><path d=\"M389.2 48h70.6L305.6 224.2 487 464H345L233.7 318.6 106.5 464H35.8L200.7 275.5 26.8 48H172.4L272.9 180.9 389.2 48zM364.4 421.8h39.1L151.1 88h-42L364.4 421.8z\"><\/path><\/svg>\t\t\t\t\t<\/a>\n\t\t\t\t<\/span>\n\t\t\t\t\t\t\t<span class=\"elementor-grid-item\">\n\t\t\t\t\t<a class=\"elementor-icon elementor-social-icon elementor-social-icon-youtube elementor-repeater-item-cfce740\" target=\"_blank\">\n\t\t\t\t\t\t<span class=\"elementor-screen-only\">Youtube<\/span>\n\t\t\t\t\t\t<svg class=\"e-font-icon-svg e-fab-youtube\" viewBox=\"0 0 576 512\" xmlns=\"http:\/\/www.w3.org\/2000\/svg\"><path d=\"M549.655 124.083c-6.281-23.65-24.787-42.276-48.284-48.597C458.781 64 288 64 288 64S117.22 64 74.629 75.486c-23.497 6.322-42.003 24.947-48.284 48.597-11.412 42.867-11.412 132.305-11.412 132.305s0 89.438 11.412 132.305c6.281 23.65 24.787 41.5 48.284 47.821C117.22 448 288 448 288 448s170.78 0 213.371-11.486c23.497-6.321 42.003-24.171 48.284-47.821 11.412-42.867 11.412-132.305 11.412-132.305s0-89.438-11.412-132.305zm-317.51 213.508V175.185l142.739 81.205-142.739 81.201z\"><\/path><\/svg>\t\t\t\t\t<\/a>\n\t\t\t\t<\/span>\n\t\t\t\t\t\t\t<span class=\"elementor-grid-item\">\n\t\t\t\t\t<a class=\"elementor-icon elementor-social-icon elementor-social-icon-instagram elementor-repeater-item-d22c865\" target=\"_blank\">\n\t\t\t\t\t\t<span class=\"elementor-screen-only\">Instagram<\/span>\n\t\t\t\t\t\t<svg class=\"e-font-icon-svg e-fab-instagram\" viewBox=\"0 0 448 512\" xmlns=\"http:\/\/www.w3.org\/2000\/svg\"><path d=\"M224.1 141c-63.6 0-114.9 51.3-114.9 114.9s51.3 114.9 114.9 114.9S339 319.5 339 255.9 287.7 141 224.1 141zm0 189.6c-41.1 0-74.7-33.5-74.7-74.7s33.5-74.7 74.7-74.7 74.7 33.5 74.7 74.7-33.6 74.7-74.7 74.7zm146.4-194.3c0 14.9-12 26.8-26.8 26.8-14.9 0-26.8-12-26.8-26.8s12-26.8 26.8-26.8 26.8 12 26.8 26.8zm76.1 27.2c-1.7-35.9-9.9-67.7-36.2-93.9-26.2-26.2-58-34.4-93.9-36.2-37-2.1-147.9-2.1-184.9 0-35.8 1.7-67.6 9.9-93.9 36.1s-34.4 58-36.2 93.9c-2.1 37-2.1 147.9 0 184.9 1.7 35.9 9.9 67.7 36.2 93.9s58 34.4 93.9 36.2c37 2.1 147.9 2.1 184.9 0 35.9-1.7 67.7-9.9 93.9-36.2 26.2-26.2 34.4-58 36.2-93.9 2.1-37 2.1-147.8 0-184.8zM398.8 388c-7.8 19.6-22.9 34.7-42.6 42.6-29.5 11.7-99.5 9-132.1 9s-102.7 2.6-132.1-9c-19.6-7.8-34.7-22.9-42.6-42.6-11.7-29.5-9-99.5-9-132.1s-2.6-102.7 9-132.1c7.8-19.6 22.9-34.7 42.6-42.6 29.5-11.7 99.5-9 132.1-9s102.7-2.6 132.1 9c19.6 7.8 34.7 22.9 42.6 42.6 11.7 29.5 9 99.5 9 132.1s2.7 102.7-9 132.1z\"><\/path><\/svg>\t\t\t\t\t<\/a>\n\t\t\t\t<\/span>\n\t\t\t\t\t<\/div>\n\t\t\t\t\t\t<\/div>\n\t\t\t\t<\/div>\n\t\t\t\t<div class=\"elementor-element elementor-element-2a1a7eb elementor-widget elementor-widget-shortcode\" data-id=\"2a1a7eb\" data-element_type=\"widget\" data-widget_type=\"shortcode.default\">\n\t\t\t\t<div class=\"elementor-widget-container\">\n\t\t\t\t\t\t\t<div class=\"elementor-shortcode\"><div class=\"angwp_117 _ning_outer ang_zone_117 _ning_jss_zone has_label _align_center\" style=\"max-width:300px;width:100%;overflow:hidden;height:inherit;\"><div class=\"_ning_label _center\" style=\"\">Anunciantes em Destaque<\/div><div id=\"_ning_zone_117_1156655978\" class=\"_ning_zone_inner\" style=\"width:300px; height:300px;position:relative;\"><div u=\"slides\" style=\"position:absolute; overflow:hidden; left:0px; top:0px;width:300px; height:300px;\"><div class=\"slide_1 slide\" idle=\"5000\"><div class=\"angwp_116 _ning_cont _ning_hidden _align_center\" data-size=\"custom\" data-bid=\"116\" data-aid=\"117\" style=\"max-width:300px; width:100%;height:inherit;\"><div class=\"_ning_inner\" style=\"\"><div class=\"_ning_elmt\"><img decoding=\"async\" src=\"https:\/\/temastotal.com.br\/wordpress\/webtv\/BTV851\/wp-content\/uploads\/2025\/04\/vendamais.jpg\" \/><\/div><\/div><\/div><div class=\"clear\"><\/div><\/div><div class=\"slide_2 slide\" idle=\"5000\"><div class=\"angwp_124 _ning_cont _ning_hidden _align_center\" data-size=\"custom\" data-bid=\"124\" data-aid=\"117\" style=\"max-width:300px; width:100%;height:inherit;\"><div class=\"_ning_inner\" style=\"\"><div class=\"_ning_elmt\"><img decoding=\"async\" src=\"https:\/\/temastotal.com.br\/wordpress\/webtv\/BTV851\/wp-content\/uploads\/2025\/04\/anunciarlateral.jpg\" \/><\/div><\/div><\/div><div class=\"clear\"><\/div><\/div><div class=\"slide_3 slide\" idle=\"5000\"><div class=\"angwp_126 _ning_cont _ning_hidden _align_center\" data-size=\"custom\" data-bid=\"126\" data-aid=\"117\" style=\"max-width:300px; width:100%;height:inherit;\"><div class=\"_ning_inner\" style=\"\"><div class=\"_ning_elmt\"><img decoding=\"async\" src=\"https:\/\/temastotal.com.br\/wordpress\/webtv\/BTV851\/wp-content\/uploads\/2025\/04\/anunciarlateral-3.jpg\" \/><\/div><\/div><\/div><div class=\"clear\"><\/div><\/div><div class=\"slide_4 slide\" idle=\"5000\"><div class=\"angwp_128 _ning_cont _ning_hidden _align_center\" data-size=\"custom\" data-bid=\"128\" data-aid=\"117\" style=\"max-width:300px; width:100%;height:inherit;\"><div class=\"_ning_inner\" style=\"\"><div class=\"_ning_elmt\"><img decoding=\"async\" src=\"https:\/\/temastotal.com.br\/wordpress\/webtv\/BTV851\/wp-content\/uploads\/2025\/04\/anunciarlateral-4.jpg\" \/><\/div><\/div><\/div><div class=\"clear\"><\/div><\/div><\/div><\/div><\/div><div class=\"clear\"><\/div><\/div>\n\t\t\t\t\t\t<\/div>\n\t\t\t\t<\/div>\n\t\t<div class=\"elementor-element elementor-element-aa066b4 e-con-full e-flex e-con e-child\" data-id=\"aa066b4\" data-element_type=\"container\">\n\t\t\t\t<div class=\"elementor-element elementor-element-23fb374 elementor-widget elementor-widget-heading\" data-id=\"23fb374\" data-element_type=\"widget\" data-widget_type=\"heading.default\">\n\t\t\t\t<div class=\"elementor-widget-container\">\n\t\t\t\t\t<h2 class=\"elementor-heading-title elementor-size-default\">Nossos Contatos<\/h2>\t\t\t\t<\/div>\n\t\t\t\t<\/div>\n\t\t\t\t<div class=\"elementor-element elementor-element-316589b elementor-icon-list--layout-traditional elementor-list-item-link-full_width elementor-widget elementor-widget-icon-list\" data-id=\"316589b\" data-element_type=\"widget\" data-widget_type=\"icon-list.default\">\n\t\t\t\t<div class=\"elementor-widget-container\">\n\t\t\t\t\t\t\t<ul class=\"elementor-icon-list-items\">\n\t\t\t\t\t\t\t<li class=\"elementor-icon-list-item\">\n\t\t\t\t\t\t\t\t\t\t\t<span class=\"elementor-icon-list-icon\">\n\t\t\t\t\t\t\t<svg aria-hidden=\"true\" class=\"e-font-icon-svg e-fab-whatsapp\" viewBox=\"0 0 448 512\" xmlns=\"http:\/\/www.w3.org\/2000\/svg\"><path d=\"M380.9 97.1C339 55.1 283.2 32 223.9 32c-122.4 0-222 99.6-222 222 0 39.1 10.2 77.3 29.6 111L0 480l117.7-30.9c32.4 17.7 68.9 27 106.1 27h.1c122.3 0 224.1-99.6 224.1-222 0-59.3-25.2-115-67.1-157zm-157 341.6c-33.2 0-65.7-8.9-94-25.7l-6.7-4-69.8 18.3L72 359.2l-4.4-7c-18.5-29.4-28.2-63.3-28.2-98.2 0-101.7 82.8-184.5 184.6-184.5 49.3 0 95.6 19.2 130.4 54.1 34.8 34.9 56.2 81.2 56.1 130.5 0 101.8-84.9 184.6-186.6 184.6zm101.2-138.2c-5.5-2.8-32.8-16.2-37.9-18-5.1-1.9-8.8-2.8-12.5 2.8-3.7 5.6-14.3 18-17.6 21.8-3.2 3.7-6.5 4.2-12 1.4-32.6-16.3-54-29.1-75.5-66-5.7-9.8 5.7-9.1 16.3-30.3 1.8-3.7.9-6.9-.5-9.7-1.4-2.8-12.5-30.1-17.1-41.2-4.5-10.8-9.1-9.3-12.5-9.5-3.2-.2-6.9-.2-10.6-.2-3.7 0-9.7 1.4-14.8 6.9-5.1 5.6-19.4 19-19.4 46.3 0 27.3 19.9 53.7 22.6 57.4 2.8 3.7 39.1 59.7 94.8 83.8 35.2 15.2 49 16.5 66.6 13.9 10.7-1.6 32.8-13.4 37.4-26.4 4.6-13 4.6-24.1 3.2-26.4-1.3-2.5-5-3.9-10.5-6.6z\"><\/path><\/svg>\t\t\t\t\t\t<\/span>\n\t\t\t\t\t\t\t\t\t\t<span class=\"elementor-icon-list-text\">WhatsApp: (000)-00000-0000<\/span>\n\t\t\t\t\t\t\t\t\t<\/li>\n\t\t\t\t\t\t\t\t<li class=\"elementor-icon-list-item\">\n\t\t\t\t\t\t\t\t\t\t\t<span class=\"elementor-icon-list-icon\">\n\t\t\t\t\t\t\t<svg aria-hidden=\"true\" class=\"e-font-icon-svg e-fas-mobile-alt\" viewBox=\"0 0 320 512\" xmlns=\"http:\/\/www.w3.org\/2000\/svg\"><path d=\"M272 0H48C21.5 0 0 21.5 0 48v416c0 26.5 21.5 48 48 48h224c26.5 0 48-21.5 48-48V48c0-26.5-21.5-48-48-48zM160 480c-17.7 0-32-14.3-32-32s14.3-32 32-32 32 14.3 32 32-14.3 32-32 32zm112-108c0 6.6-5.4 12-12 12H60c-6.6 0-12-5.4-12-12V60c0-6.6 5.4-12 12-12h200c6.6 0 12 5.4 12 12v312z\"><\/path><\/svg>\t\t\t\t\t\t<\/span>\n\t\t\t\t\t\t\t\t\t\t<span class=\"elementor-icon-list-text\">Celular: (000)-00000-0000<\/span>\n\t\t\t\t\t\t\t\t\t<\/li>\n\t\t\t\t\t\t\t\t<li class=\"elementor-icon-list-item\">\n\t\t\t\t\t\t\t\t\t\t\t<span class=\"elementor-icon-list-icon\">\n\t\t\t\t\t\t\t<svg aria-hidden=\"true\" class=\"e-font-icon-svg e-far-envelope\" viewBox=\"0 0 512 512\" xmlns=\"http:\/\/www.w3.org\/2000\/svg\"><path d=\"M464 64H48C21.49 64 0 85.49 0 112v288c0 26.51 21.49 48 48 48h416c26.51 0 48-21.49 48-48V112c0-26.51-21.49-48-48-48zm0 48v40.805c-22.422 18.259-58.168 46.651-134.587 106.49-16.841 13.247-50.201 45.072-73.413 44.701-23.208.375-56.579-31.459-73.413-44.701C106.18 199.465 70.425 171.067 48 152.805V112h416zM48 400V214.398c22.914 18.251 55.409 43.862 104.938 82.646 21.857 17.205 60.134 55.186 103.062 54.955 42.717.231 80.509-37.199 103.053-54.947 49.528-38.783 82.032-64.401 104.947-82.653V400H48z\"><\/path><\/svg>\t\t\t\t\t\t<\/span>\n\t\t\t\t\t\t\t\t\t\t<span class=\"elementor-icon-list-text\">Email: admin@hotmail.com<\/span>\n\t\t\t\t\t\t\t\t\t<\/li>\n\t\t\t\t\t\t<\/ul>\n\t\t\t\t\t\t<\/div>\n\t\t\t\t<\/div>\n\t\t\t\t<\/div>\n\t\t\t\t<\/div>\n\t\t\t\t\t<\/div>\n\t\t\t\t<\/div>\n\t\t\t\t<div class=\"unlimited-elements-background-overlay\" data-forid=\"f73d53d\" data-location=\"back\" style=\"display:none\">\n\t\t\t<template>\n\t\t\t\n<!-- start Fireworks Background -->\n<style>\/* widget: Fireworks Background *\/\n\n#uc_ue_firework_background_bg_addon10508{\n      top: 0;\n      left: 0;\n      width: 100%;\n      height: 100%;\n      z-index:auto;\n\n}\n\n<\/style>\n\n<div  class=\"firework2\" id=\"uc_ue_firework_background_bg_addon10508\"><\/div>\n<script type=\"text\/javascript\"  id=\"ue_script_ue_firework_background\">\n\n\/* Fireworks Background scripts: *\/ \n\njQuery(document).ready(function(){\n  \n  const fireworkcontainer = document.querySelector(\"#uc_ue_firework_background_bg_addon10508\");\n      \n  var options = {\n    initialStart: false,\n    ssr: false,\n    rocketsPoint: { min: 20, max: 80 },\n    hue: { min: 0, max: 360 },\n    delay: { min: 40, max: 40 },\n    speed: 5,\n    traceSpeed: 8,\n    acceleration: 1,\n    particles: 75,\n    friction: 0.96,\n    gravity: 1.50,\n    flickering: 10,\n    trace: 6,\n    explosion: 4,\n    autoresize: true,                  \n    mouse: {\n      click: true,\n      move: false,\n      max: 8,\n    },\n\n    brightness: {\n      min: 50,\n      max: 80,\n      decay: { min: 0.0125, max: 0.03 },\n      boundaries: {\n        visible: false,\n        x: 50,\n        y: 50,\n      },\n    },\n    lineWidth:{ explosion: { min: 1, max: 4 }, trace: { min: 1, max: 4 }},\n    sound: {\n      enabled: false,\n      files: [\n        \"https:\/\/temastotal.com.br\/wordpress\/webtv\/BTV851\/wp-content\/uploads\/ac_assets\/firework_bg\/explosion0.mp3\",\n        \"https:\/\/temastotal.com.br\/wordpress\/webtv\/BTV851\/wp-content\/uploads\/ac_assets\/firework_bg\/explosion1.mp3\",\n        \"https:\/\/temastotal.com.br\/wordpress\/webtv\/BTV851\/wp-content\/uploads\/ac_assets\/firework_bg\/explosion2.mp3\",\n        \"https:\/\/temastotal.com.br\/wordpress\/webtv\/BTV851\/wp-content\/uploads\/ac_assets\/firework_bg\/bang_03.mp3\",\n        \"https:\/\/temastotal.com.br\/wordpress\/webtv\/BTV851\/wp-content\/uploads\/ac_assets\/firework_bg\/fw_05.mp3\",\n      ],\n      volume: { min: 1, max: 100 },\n    }\n  };\n     \n                       \n  \n\t var objFireworks = new Fireworks(fireworkcontainer, options);\n \t objFireworks.start();\n \n\n});\n<\/script>\n<!-- end Fireworks Background -->\t\t\t<\/template>\n\t\t<\/div>\n\t\t\n\t\t<div class=\"elementor-element elementor-element-9130f1a e-flex e-con-boxed e-con e-parent\" data-id=\"9130f1a\" data-element_type=\"container\">\n\t\t\t\t\t<div class=\"e-con-inner\">\n\t\t\t\t<div class=\"elementor-element elementor-element-b688771 elementor-widget elementor-widget-heading\" data-id=\"b688771\" data-element_type=\"widget\" data-widget_type=\"heading.default\">\n\t\t\t\t<div class=\"elementor-widget-container\">\n\t\t\t\t\t<h2 class=\"elementor-heading-title elementor-size-default\">WEB TV 2025 \u00a9 Todos direitos reservados.<\/h2>\t\t\t\t<\/div>\n\t\t\t\t<\/div>\n\t\t\t\t\t<\/div>\n\t\t\t\t<\/div>\n\t\t\t\t<\/div>\n\t\t","protected":false},"excerpt":{"rendered":"<p>A melhor programa\u00e7\u00e3o ao vivo voc\u00ea encontra aqui em sua Web TV ao vivo! &#8211; 24 horas de muita emo\u00e7\u00e3o para voc\u00ea !&nbsp; * WEB TV AO VIVO * REDES SOCIAIS Facebook X-twitter Youtube Instagram Nossos Contatos WhatsApp: (000)-00000-0000 Celular: (000)-00000-0000 Email: admin@hotmail.com WEB TV 2025 \u00a9 Todos direitos reservados.<\/p>\n","protected":false},"author":1,"featured_media":0,"parent":0,"menu_order":0,"comment_status":"closed","ping_status":"closed","template":"elementor_canvas","meta":{"footnotes":""},"class_list":["post-11","page","type-page","status-publish","hentry"],"_links":{"self":[{"href":"https:\/\/temastotal.com.br\/wordpress\/webtv\/BTV851\/index.php\/wp-json\/wp\/v2\/pages\/11","targetHints":{"allow":["GET"]}}],"collection":[{"href":"https:\/\/temastotal.com.br\/wordpress\/webtv\/BTV851\/index.php\/wp-json\/wp\/v2\/pages"}],"about":[{"href":"https:\/\/temastotal.com.br\/wordpress\/webtv\/BTV851\/index.php\/wp-json\/wp\/v2\/types\/page"}],"author":[{"embeddable":true,"href":"https:\/\/temastotal.com.br\/wordpress\/webtv\/BTV851\/index.php\/wp-json\/wp\/v2\/users\/1"}],"replies":[{"embeddable":true,"href":"https:\/\/temastotal.com.br\/wordpress\/webtv\/BTV851\/index.php\/wp-json\/wp\/v2\/comments?post=11"}],"version-history":[{"count":199,"href":"https:\/\/temastotal.com.br\/wordpress\/webtv\/BTV851\/index.php\/wp-json\/wp\/v2\/pages\/11\/revisions"}],"predecessor-version":[{"id":272,"href":"https:\/\/temastotal.com.br\/wordpress\/webtv\/BTV851\/index.php\/wp-json\/wp\/v2\/pages\/11\/revisions\/272"}],"wp:attachment":[{"href":"https:\/\/temastotal.com.br\/wordpress\/webtv\/BTV851\/index.php\/wp-json\/wp\/v2\/media?parent=11"}],"curies":[{"name":"wp","href":"https:\/\/api.w.org\/{rel}","templated":true}]}}